{"id":682,"date":"2026-02-26T13:05:02","date_gmt":"2026-02-26T13:05:02","guid":{"rendered":"https:\/\/www.kds.ee\/?page_id=682"},"modified":"2026-03-02T06:36:50","modified_gmt":"2026-03-02T06:36:50","slug":"kassaarvutid","status":"publish","type":"page","link":"https:\/\/kds.ee\/ru\/kassaarvutid\/","title":{"rendered":"Kassaarvutid"},"content":{"rendered":"<p>[et_pb_section fb_built=&#8221;1&#8243; admin_label=&#8221;Hero&#8221; _builder_version=&#8221;4.27.3&#8243; _module_preset=&#8221;default&#8221; background_color=&#8221;#212529&#8243; custom_padding=&#8221;0vw||0px||false|false&#8221; locked=&#8221;off&#8221; collapsed=&#8221;on&#8221; global_colors_info=&#8221;{}&#8221;][et_pb_row _builder_version=&#8221;4.27.3&#8243; _module_preset=&#8221;5138c454-be54-4233-bd3b-f8e6a8747976&#8243; custom_margin=&#8221;0px||||false|false&#8221; global_colors_info=&#8221;{}&#8221;][et_pb_column type=&#8221;4_4&#8243; _builder_version=&#8221;4.18.0&#8243; _module_preset=&#8221;73121f80-a3ef-4484-8763-c3f18e3c56d2&#8243; global_colors_info=&#8221;{}&#8221;][et_pb_heading title=&#8221;KD Solutions &#8211; Turvalisuse terviklahendus&#8221; _builder_version=&#8221;4.27.4&#8243; _module_preset=&#8221;ddeb8c09-9078-4424-bc15-2efb6572e28e&#8221; title_font=&#8221;IBM Plex Sans Condensed|IBM Plex Sans Condensed_weight|||||||&#8221; title_text_color=&#8221;#FFFFFF&#8221; title_font_size=&#8221;40px&#8221; title_line_height=&#8221;1.15em&#8221; title_font_size_tablet=&#8221;40px&#8221; title_font_size_phone=&#8221;24px&#8221; title_font_size_last_edited=&#8221;on|phone&#8221; locked=&#8221;off&#8221; global_colors_info=&#8221;{}&#8221;][\/et_pb_heading][et_pb_text quote_border_color=&#8221;#457b9d&#8221; _builder_version=&#8221;4.27.4&#8243; _module_preset=&#8221;2c55a9c4-feed-423b-9edb-ae0b5b365cac&#8221; text_font=&#8221;IBM Plex Sans|IBM Plex Sans_weight|||||||&#8221; text_text_color=&#8221;#FFFFFF&#8221; text_font_size=&#8221;16px&#8221; text_line_height=&#8221;1.75em&#8221; link_font=&#8221;|IBM Plex Sans_weight|||||||&#8221; link_text_color=&#8221;#1d3557&#8243; quote_font=&#8221;IBM Plex Sans Condensed|IBM Plex Sans Condensed_weight|||||||&#8221; quote_text_color=&#8221;#111111&#8243; header_font=&#8221;IBM Plex Sans Condensed|IBM Plex Sans Condensed_weight|||||||&#8221; header_text_color=&#8221;#111111&#8243; header_font_size=&#8221;72px&#8221; header_line_height=&#8221;1.15em&#8221; header_2_font=&#8221;IBM Plex Sans Condensed|IBM Plex Sans Condensed_weight|||||||&#8221; header_2_text_color=&#8221;#111111&#8243; header_2_font_size=&#8221;50px&#8221; header_2_line_height=&#8221;1.2em&#8221; header_3_font=&#8221;IBM Plex Sans Condensed|IBM Plex Sans Condensed_weight|||||||&#8221; header_3_text_color=&#8221;#111111&#8243; header_3_font_size=&#8221;32px&#8221; header_3_line_height=&#8221;1.3em&#8221; header_4_font=&#8221;IBM Plex Sans Condensed|IBM Plex Sans Condensed_weight|||||||&#8221; header_4_text_color=&#8221;#111111&#8243; header_4_font_size=&#8221;24px&#8221; header_4_line_height=&#8221;1.4em&#8221; header_5_font=&#8221;IBM Plex Sans Condensed|IBM Plex Sans Condensed_weight|||||||&#8221; header_5_text_color=&#8221;#111111&#8243; header_5_font_size=&#8221;18px&#8221; header_5_line_height=&#8221;1.4em&#8221; header_6_font=&#8221;IBM Plex Sans Condensed|IBM Plex Sans Condensed_weight|||||||&#8221; header_6_text_color=&#8221;#111111&#8243; header_6_line_height=&#8221;1.5em&#8221; background_color=&#8221;#212529&#8243; custom_margin=&#8221;||||false|false&#8221; text_font_size_tablet=&#8221;15px&#8221; text_font_size_phone=&#8221;14px&#8221; text_font_size_last_edited=&#8221;on|phone&#8221; header_font_size_tablet=&#8221;40px&#8221; header_font_size_phone=&#8221;24px&#8221; header_font_size_last_edited=&#8221;on|desktop&#8221; header_2_font_size_tablet=&#8221;28px&#8221; header_2_font_size_phone=&#8221;20px&#8221; header_2_font_size_last_edited=&#8221;on|phone&#8221; header_3_font_size_tablet=&#8221;22px&#8221; header_3_font_size_phone=&#8221;17px&#8221; header_3_font_size_last_edited=&#8221;on|phone&#8221; header_4_font_size_tablet=&#8221;18px&#8221; header_4_font_size_phone=&#8221;15px&#8221; header_4_font_size_last_edited=&#8221;on|tablet&#8221; header_5_font_size_tablet=&#8221;15px&#8221; header_5_font_size_phone=&#8221;14px&#8221; header_5_font_size_last_edited=&#8221;on|desktop&#8221; header_6_font_size_tablet=&#8221;13px&#8221; header_6_font_size_phone=&#8221;13px&#8221; header_6_font_size_last_edited=&#8221;on|desktop&#8221; locked=&#8221;off&#8221; global_colors_info=&#8221;{}&#8221;]<\/p>\n<p>M\u00fc\u00fcme, paneme kokku ja paigaldame Teile sobiva lahenduse<\/p>\n<p>Me paneme kokku v\u00f5i valime arvuti vastavalt teie vajadusele, et seda kasutada kassas. Arvuti on varustatud k\u00f5igega, mis on vajalik \u2013 puuteekraan, kassaprinter t\u0161ekkide jaoks, kliendikaardi lugeja ja muu vajalik varustus. Meie arvutid t\u00f6\u00f6tavad k\u00f5igi tarkvaraga, tagades sujuva ja probleemideta t\u00f6\u00f6.<\/p>\n<p>Meie teenus on kvaliteetne ja kiire. Meie meeskond on kogenud ja oskab kiiresti pakkuda sobiva lahenduse.<\/p>\n<p>[\/et_pb_text][\/et_pb_column][\/et_pb_row][\/et_pb_section][et_pb_section fb_built=&#8221;1&#8243; _builder_version=&#8221;4.27.4&#8243; _module_preset=&#8221;default&#8221; custom_margin=&#8221;||-85px|||&#8221; custom_padding=&#8221;1px|||||&#8221; global_colors_info=&#8221;{}&#8221;][et_pb_row _builder_version=&#8221;4.27.4&#8243; _module_preset=&#8221;default&#8221; global_colors_info=&#8221;{}&#8221;][et_pb_column type=&#8221;4_4&#8243; _builder_version=&#8221;4.27.4&#8243; _module_preset=&#8221;default&#8221; global_colors_info=&#8221;{}&#8221;][et_pb_image src=&#8221;https:\/\/www.kds.ee\/wp-content\/uploads\/2026\/02\/kassa.png&#8221; title_text=&#8221;kassa&#8221; align=&#8221;center&#8221; _builder_version=&#8221;4.27.4&#8243; _module_preset=&#8221;default&#8221; global_colors_info=&#8221;{}&#8221;][\/et_pb_image][\/et_pb_column][\/et_pb_row][\/et_pb_section][et_pb_section fb_built=&#8221;1&#8243; admin_label=&#8221;Call to Action&#8221; _builder_version=&#8221;4.23.1&#8243; _module_preset=&#8221;default&#8221; locked=&#8221;off&#8221; collapsed=&#8221;on&#8221; global_colors_info=&#8221;{}&#8221;][et_pb_row _builder_version=&#8221;4.18.0&#8243; _module_preset=&#8221;5138c454-be54-4233-bd3b-f8e6a8747976&#8243; global_colors_info=&#8221;{}&#8221;][et_pb_column type=&#8221;4_4&#8243; _builder_version=&#8221;4.17.6&#8243; _module_preset=&#8221;73121f80-a3ef-4484-8763-c3f18e3c56d2&#8243; global_colors_info=&#8221;{}&#8221;][et_pb_cta title=&#8221;V\u00f5tke Meiega \u00dchendust&#8221; button_url=&#8221;https:\/\/www.kds.ee\/kontakt\/&#8221; button_text=&#8221;K\u00fcsi Pakkumist&#8221; _builder_version=&#8221;4.27.3&#8243; _module_preset=&#8221;be0cc754-576a-4b1c-868d-f6226f85de4d&#8221; header_font=&#8221;IBM Plex Sans Condensed|IBM Plex Sans Condensed_weight|||||||&#8221; header_text_align=&#8221;left&#8221; header_text_color=&#8221;#111111&#8243; header_font_size=&#8221;50px&#8221; header_line_height=&#8221;1.2em&#8221; body_font=&#8221;IBM Plex Sans|IBM Plex Sans_weight|||||||&#8221; body_text_align=&#8221;left&#8221; body_text_color=&#8221;rgba(0,0,0,0.64)&#8221; body_font_size=&#8221;18px&#8221; body_line_height=&#8221;1.75em&#8221; background_color=&#8221;#FFFFFF&#8221; custom_button=&#8221;on&#8221; button_text_size=&#8221;14px&#8221; button_text_color=&#8221;#FFFFFF&#8221; button_bg_color=&#8221;#1d3557&#8243; button_border_width=&#8221;0px&#8221; button_border_radius=&#8221;100px&#8221; button_font=&#8221;IBM Plex Sans|700|||||||&#8221; button_alignment=&#8221;left&#8221; button_custom_padding=&#8221;12px|24px|12px|24px|true|true&#8221; background_layout=&#8221;light&#8221; header_font_size_tablet=&#8221;28px&#8221; header_font_size_phone=&#8221;20px&#8221; header_font_size_last_edited=&#8221;on|phone&#8221; body_font_size_tablet=&#8221;16px&#8221; body_font_size_phone=&#8221;14px&#8221; body_font_size_last_edited=&#8221;on|phone&#8221; border_radii=&#8221;on|6px|6px|6px|6px&#8221; border_width_all=&#8221;2px&#8221; border_color_all=&#8221;rgba(0,0,0,0.08)&#8221; locked=&#8221;off&#8221; global_colors_info=&#8221;{%22gcid-828accbb-1ed2-407d-95be-20ab4e191566%22:%91%22border_color_all%22%93,%22#0e0c19%22:%91%22header_text_color%22%93,%22#3c3a47%22:%91%22body_text_color%22%93,%22gcid-f2943306-fa6c-45f0-b632-5fc00151366a%22:%91%22button_text_color%22,%22button_text_color%22%93,%22gcid-36fd78a7-34bc-404d-873c-dafa34efaae5%22:%91%22button_text_color%22,%22button_text_color%22,%22button_text_color%22%93}&#8221; text_font_size_tablet=&#8221;16px&#8221; text_font_size_phone=&#8221;14px&#8221; text_font_size_last_edited=&#8221;on|phone&#8221;]<\/p>\n<p>\u0412\u044b \u0433\u043e\u0442\u043e\u0432\u044b \u0443\u043b\u0443\u0447\u0448\u0438\u0442\u044c \u0441\u0432\u043e\u044e \u0431\u0435\u0437\u043e\u043f\u0430\u0441\u043d\u043e\u0441\u0442\u044c? \u0421\u0432\u044f\u0436\u0438\u0442\u0435\u0441\u044c \u0441 \u043d\u0430\u043c\u0438, \u0447\u0442\u043e\u0431\u044b \u043e\u0431\u0441\u0443\u0434\u0438\u0442\u044c \u0442\u043e , \u043a\u0430\u043a \u043c\u044b \u043c\u043e\u0436\u0435\u043c \u0443\u0434\u043e\u0432\u043b\u0435\u0442\u0432\u043e\u0440\u0438\u0442\u044c \u0412\u0430\u0448\u0438 \u043f\u043e\u0442\u0440\u0435\u0431\u043d\u043e\u0441\u0442\u0438.<\/p>\n<p>[\/et_pb_cta][\/et_pb_column][\/et_pb_row][\/et_pb_section]<\/p>","protected":false},"excerpt":{"rendered":"<p>M\u00fc\u00fcme, paneme kokku ja paigaldame Teile sobiva lahenduse Me paneme kokku v\u00f5i valime arvuti vastavalt teie vajadusele, et seda kasutada kassas. Arvuti on varustatud k\u00f5igega, mis on vajalik \u2013 puuteekraan, kassaprinter t\u0161ekkide jaoks, kliendikaardi lugeja ja muu vajalik varustus. Meie arvutid t\u00f6\u00f6tavad k\u00f5igi tarkvaraga, tagades sujuva ja probleemideta t\u00f6\u00f6. Meie teenus on kvaliteetne ja kiire. [&hellip;]<\/p>","protected":false},"author":1,"featured_media":0,"parent":0,"menu_order":0,"comment_status":"closed","ping_status":"closed","template":"","meta":{"_et_pb_use_builder":"on","_et_pb_old_content":"","_et_gb_content_width":"","footnotes":""},"class_list":["post-682","page","type-page","status-publish","hentry"],"_links":{"self":[{"href":"https:\/\/kds.ee\/ru\/wp-json\/wp\/v2\/pages\/682","targetHints":{"allow":["GET"]}}],"collection":[{"href":"https:\/\/kds.ee\/ru\/wp-json\/wp\/v2\/pages"}],"about":[{"href":"https:\/\/kds.ee\/ru\/wp-json\/wp\/v2\/types\/page"}],"author":[{"embeddable":true,"href":"https:\/\/kds.ee\/ru\/wp-json\/wp\/v2\/users\/1"}],"replies":[{"embeddable":true,"href":"https:\/\/kds.ee\/ru\/wp-json\/wp\/v2\/comments?post=682"}],"version-history":[{"count":4,"href":"https:\/\/kds.ee\/ru\/wp-json\/wp\/v2\/pages\/682\/revisions"}],"predecessor-version":[{"id":706,"href":"https:\/\/kds.ee\/ru\/wp-json\/wp\/v2\/pages\/682\/revisions\/706"}],"wp:attachment":[{"href":"https:\/\/kds.ee\/ru\/wp-json\/wp\/v2\/media?parent=682"}],"curies":[{"name":"wp","href":"https:\/\/api.w.org\/{rel}","templated":true}]}}